{"id":830,"date":"2025-06-30T15:29:04","date_gmt":"2025-06-30T20:29:04","guid":{"rendered":"https:\/\/www.stsebacademy.org\/?page_id=830"},"modified":"2025-07-30T12:07:13","modified_gmt":"2025-07-30T17:07:13","slug":"donate","status":"publish","type":"page","link":"https:\/\/www.stsebacademy.org\/es\/donar\/","title":{"rendered":"Donar"},"content":{"rendered":"<div class=\"fusion-fullwidth fullwidth-box fusion-builder-row-1 fusion-flex-container has-pattern-background has-mask-background nonhundred-percent-fullwidth non-hundred-percent-height-scrolling\" style=\"--awb-border-radius-top-left:0px;--awb-border-radius-top-right:0px;--awb-border-radius-bottom-right:0px;--awb-border-radius-bottom-left:0px;--awb-flex-wrap:wrap;\" ><div class=\"fusion-builder-row fusion-row fusion-flex-align-items-flex-start fusion-flex-content-wrap\" style=\"max-width:1456px;margin-left: calc(-4% \/ 2 );margin-right: calc(-4% \/ 2 );\"><div class=\"fusion-layout-column fusion_builder_column fusion-builder-column-0 fusion_builder_column_1_2 1_2 fusion-flex-column\" style=\"--awb-bg-size:cover;--awb-width-large:50%;--awb-margin-top-large:0px;--awb-spacing-right-large:3.84%;--awb-margin-bottom-large:20px;--awb-spacing-left-large:3.84%;--awb-width-medium:50%;--awb-order-medium:0;--awb-spacing-right-medium:3.84%;--awb-spacing-left-medium:3.84%;--awb-width-small:100%;--awb-order-small:0;--awb-spacing-right-small:1.92%;--awb-spacing-left-small:1.92%;\"><div class=\"fusion-column-wrapper fusion-column-has-shadow fusion-flex-justify-content-flex-start fusion-content-layout-column\"><a class=\"fusion-modal-text-link\" href=\"#\">\n<div id=\"blackbaud-donation-form_080d4b5d-111b-401c-aa84-5946319a17e2\"><\/div>\n<p><script src=\"https:\/\/sky.blackbaudcdn.net\/static\/donor-form-loader\/2\/main.js\"><\/script><br \/>\n<script>BBDonorFormLoader.newBlackbaudDonationFormZoned('renxt', 'p-ebe0g_ChVU-vsrbjHzOGnQ', '080d4b5d-111b-401c-aa84-5946319a17e2', 'usa')<\/script><\/a><\/div><\/div><div class=\"fusion-layout-column fusion_builder_column fusion-builder-column-1 awb-sticky awb-sticky-small awb-sticky-medium awb-sticky-large fusion_builder_column_1_2 1_2 fusion-flex-column\" style=\"--awb-bg-size:cover;--awb-width-large:50%;--awb-margin-top-large:0px;--awb-spacing-right-large:3.84%;--awb-margin-bottom-large:20px;--awb-spacing-left-large:3.84%;--awb-width-medium:50%;--awb-order-medium:0;--awb-spacing-right-medium:3.84%;--awb-spacing-left-medium:3.84%;--awb-width-small:100%;--awb-order-small:0;--awb-spacing-right-small:1.92%;--awb-spacing-left-small:1.92%;\" data-motion-effects=\"[{&quot;type&quot;:&quot;&quot;,&quot;scroll_type&quot;:&quot;transition&quot;,&quot;scroll_direction&quot;:&quot;up&quot;,&quot;transition_speed&quot;:&quot;1&quot;,&quot;fade_type&quot;:&quot;in&quot;,&quot;scale_type&quot;:&quot;up&quot;,&quot;initial_scale&quot;:&quot;1&quot;,&quot;max_scale&quot;:&quot;1.5&quot;,&quot;min_scale&quot;:&quot;0.5&quot;,&quot;initial_rotate&quot;:&quot;0&quot;,&quot;end_rotate&quot;:&quot;30&quot;,&quot;initial_blur&quot;:&quot;0&quot;,&quot;end_blur&quot;:&quot;3&quot;,&quot;start_element&quot;:&quot;top&quot;,&quot;start_viewport&quot;:&quot;bottom&quot;,&quot;end_element&quot;:&quot;bottom&quot;,&quot;end_viewport&quot;:&quot;top&quot;,&quot;mouse_effect&quot;:&quot;track&quot;,&quot;mouse_effect_direction&quot;:&quot;opposite&quot;,&quot;mouse_effect_speed&quot;:&quot;2&quot;,&quot;infinite_animation&quot;:&quot;float&quot;,&quot;infinite_animation_speed&quot;:&quot;2&quot;}]\" data-scroll-devices=\"small-visibility,medium-visibility,large-visibility\"><div class=\"fusion-column-wrapper fusion-column-has-shadow fusion-flex-justify-content-flex-start fusion-content-layout-column\"><div class=\"fusion-separator fusion-full-width-sep\" style=\"align-self: center;margin-left: auto;margin-right: auto;width:100%;\"><\/div><div class=\"fusion-text fusion-text-1\"><p class=\"\">Su apoyo nos ayuda a continuar con nuestra educaci\u00f3n llena de fe, de alta calidad y arraigada en los valores cat\u00f3licos. Cada donaci\u00f3n, independientemente de su cuant\u00eda, marca una diferencia significativa en la vida de nuestros alumnos. Queremos seguir creciendo, mejorando e inspirando a la pr\u00f3xima generaci\u00f3n. Su generosidad nos ayuda a llevar adelante la misi\u00f3n de proporcionar las herramientas necesarias para ayudar a fomentar una excelente educaci\u00f3n basada en la fe.<\/p>\n<p class=\"\">Gracias por ayudarnos a continuar nuestra misi\u00f3n y por formar parte de nuestra comunidad.<\/p>\n<\/div><\/div><\/div><\/div><\/div>","protected":false},"excerpt":{"rendered":"","protected":false},"author":5,"featured_media":0,"parent":0,"menu_order":0,"comment_status":"closed","ping_status":"closed","template":"100-width.php","meta":{"footnotes":""},"yoast_head":"<!-- This site is optimized with the Yoast SEO plugin v21.8 - https:\/\/yoast.com\/wordpress\/plugins\/seo\/ -->\n<title>Donate | St. Sebastian STEM Academy<\/title>\n<meta name=\"robots\" content=\"index, follow, max-snippet:-1, max-image-preview:large, max-video-preview:-1\" \/>\n<link rel=\"canonical\" href=\"https:\/\/www.stsebacademy.org\/es\/donar\/\" \/>\n<meta property=\"og:locale\" content=\"es_MX\" \/>\n<meta property=\"og:type\" content=\"article\" \/>\n<meta property=\"og:title\" content=\"Donate | St. Sebastian STEM Academy\" \/>\n<meta property=\"og:url\" content=\"https:\/\/www.stsebacademy.org\/es\/donar\/\" \/>\n<meta property=\"og:site_name\" content=\"St. Sebastian STEM Academy\" \/>\n<meta property=\"article:publisher\" content=\"https:\/\/www.facebook.com\/stsebastiansturtevant\" \/>\n<meta property=\"article:modified_time\" content=\"2025-07-30T17:07:13+00:00\" \/>\n<meta property=\"og:image\" content=\"https:\/\/www.stsebacademy.org\/wp-content\/uploads\/2024\/01\/StSebs_Logo1920x1080.png\" \/>\n\t<meta property=\"og:image:width\" content=\"1920\" \/>\n\t<meta property=\"og:image:height\" content=\"1080\" \/>\n\t<meta property=\"og:image:type\" content=\"image\/png\" \/>\n<meta name=\"twitter:card\" content=\"summary_large_image\" \/>\n<meta name=\"twitter:label1\" content=\"Est. reading time\" \/>\n\t<meta name=\"twitter:data1\" content=\"1 minuto\" \/>\n<script type=\"application\/ld+json\" class=\"yoast-schema-graph\">{\"@context\":\"https:\/\/schema.org\",\"@graph\":[{\"@type\":\"WebPage\",\"@id\":\"https:\/\/www.stsebacademy.org\/donate\/\",\"url\":\"https:\/\/www.stsebacademy.org\/donate\/\",\"name\":\"Donate | St. Sebastian STEM Academy\",\"isPartOf\":{\"@id\":\"https:\/\/www.stsebacademy.org\/#website\"},\"datePublished\":\"2025-06-30T20:29:04+00:00\",\"dateModified\":\"2025-07-30T17:07:13+00:00\",\"breadcrumb\":{\"@id\":\"https:\/\/www.stsebacademy.org\/donate\/#breadcrumb\"},\"inLanguage\":\"es-MX\",\"potentialAction\":[{\"@type\":\"ReadAction\",\"target\":[\"https:\/\/www.stsebacademy.org\/donate\/\"]}]},{\"@type\":\"BreadcrumbList\",\"@id\":\"https:\/\/www.stsebacademy.org\/donate\/#breadcrumb\",\"itemListElement\":[{\"@type\":\"ListItem\",\"position\":1,\"name\":\"Home\",\"item\":\"https:\/\/www.stsebacademy.org\/\"},{\"@type\":\"ListItem\",\"position\":2,\"name\":\"Donate\"}]},{\"@type\":\"WebSite\",\"@id\":\"https:\/\/www.stsebacademy.org\/#website\",\"url\":\"https:\/\/www.stsebacademy.org\/\",\"name\":\"St. Sebastian STEM Academy\",\"description\":\"Ignite Your Child\u2019s Future at St. Sebastian STEM Academy\",\"publisher\":{\"@id\":\"https:\/\/www.stsebacademy.org\/#organization\"},\"potentialAction\":[{\"@type\":\"SearchAction\",\"target\":{\"@type\":\"EntryPoint\",\"urlTemplate\":\"https:\/\/www.stsebacademy.org\/?s={search_term_string}\"},\"query-input\":\"required name=search_term_string\"}],\"inLanguage\":\"es-MX\"},{\"@type\":\"Organization\",\"@id\":\"https:\/\/www.stsebacademy.org\/#organization\",\"name\":\"St. Sebastian STEM Academy\",\"url\":\"https:\/\/www.stsebacademy.org\/\",\"logo\":{\"@type\":\"ImageObject\",\"inLanguage\":\"es-MX\",\"@id\":\"https:\/\/www.stsebacademy.org\/#\/schema\/logo\/image\/\",\"url\":\"https:\/\/www.stsebacademy.org\/wp-content\/uploads\/2024\/01\/St-Seb-Academy-Logo-HORZ.png\",\"contentUrl\":\"https:\/\/www.stsebacademy.org\/wp-content\/uploads\/2024\/01\/St-Seb-Academy-Logo-HORZ.png\",\"width\":2490,\"height\":935,\"caption\":\"St. Sebastian STEM Academy\"},\"image\":{\"@id\":\"https:\/\/www.stsebacademy.org\/#\/schema\/logo\/image\/\"},\"sameAs\":[\"https:\/\/www.facebook.com\/stsebastiansturtevant\"]}]}<\/script>\n<!-- \/ Yoast SEO plugin. -->","yoast_head_json":{"title":"Donate | St. Sebastian STEM Academy","robots":{"index":"index","follow":"follow","max-snippet":"max-snippet:-1","max-image-preview":"max-image-preview:large","max-video-preview":"max-video-preview:-1"},"canonical":"https:\/\/www.stsebacademy.org\/es\/donar\/","og_locale":"es_MX","og_type":"article","og_title":"Donate | St. Sebastian STEM Academy","og_url":"https:\/\/www.stsebacademy.org\/es\/donar\/","og_site_name":"St. Sebastian STEM Academy","article_publisher":"https:\/\/www.facebook.com\/stsebastiansturtevant","article_modified_time":"2025-07-30T17:07:13+00:00","og_image":[{"width":1920,"height":1080,"url":"https:\/\/www.stsebacademy.org\/wp-content\/uploads\/2024\/01\/StSebs_Logo1920x1080.png","type":"image\/png"}],"twitter_card":"summary_large_image","twitter_misc":{"Est. reading time":"1 minuto"},"schema":{"@context":"https:\/\/schema.org","@graph":[{"@type":"WebPage","@id":"https:\/\/www.stsebacademy.org\/donate\/","url":"https:\/\/www.stsebacademy.org\/donate\/","name":"Donate | St. Sebastian STEM Academy","isPartOf":{"@id":"https:\/\/www.stsebacademy.org\/#website"},"datePublished":"2025-06-30T20:29:04+00:00","dateModified":"2025-07-30T17:07:13+00:00","breadcrumb":{"@id":"https:\/\/www.stsebacademy.org\/donate\/#breadcrumb"},"inLanguage":"es-MX","potentialAction":[{"@type":"ReadAction","target":["https:\/\/www.stsebacademy.org\/donate\/"]}]},{"@type":"BreadcrumbList","@id":"https:\/\/www.stsebacademy.org\/donate\/#breadcrumb","itemListElement":[{"@type":"ListItem","position":1,"name":"Home","item":"https:\/\/www.stsebacademy.org\/"},{"@type":"ListItem","position":2,"name":"Donate"}]},{"@type":"WebSite","@id":"https:\/\/www.stsebacademy.org\/#website","url":"https:\/\/www.stsebacademy.org\/","name":"St. Sebastian STEM Academy","description":"Ignite Your Child\u2019s Future at St. Sebastian STEM Academy","publisher":{"@id":"https:\/\/www.stsebacademy.org\/#organization"},"potentialAction":[{"@type":"SearchAction","target":{"@type":"EntryPoint","urlTemplate":"https:\/\/www.stsebacademy.org\/?s={search_term_string}"},"query-input":"required name=search_term_string"}],"inLanguage":"es-MX"},{"@type":"Organization","@id":"https:\/\/www.stsebacademy.org\/#organization","name":"St. Sebastian STEM Academy","url":"https:\/\/www.stsebacademy.org\/","logo":{"@type":"ImageObject","inLanguage":"es-MX","@id":"https:\/\/www.stsebacademy.org\/#\/schema\/logo\/image\/","url":"https:\/\/www.stsebacademy.org\/wp-content\/uploads\/2024\/01\/St-Seb-Academy-Logo-HORZ.png","contentUrl":"https:\/\/www.stsebacademy.org\/wp-content\/uploads\/2024\/01\/St-Seb-Academy-Logo-HORZ.png","width":2490,"height":935,"caption":"St. Sebastian STEM Academy"},"image":{"@id":"https:\/\/www.stsebacademy.org\/#\/schema\/logo\/image\/"},"sameAs":["https:\/\/www.facebook.com\/stsebastiansturtevant"]}]}},"_links":{"self":[{"href":"https:\/\/www.stsebacademy.org\/es\/wp-json\/wp\/v2\/pages\/830"}],"collection":[{"href":"https:\/\/www.stsebacademy.org\/es\/wp-json\/wp\/v2\/pages"}],"about":[{"href":"https:\/\/www.stsebacademy.org\/es\/wp-json\/wp\/v2\/types\/page"}],"author":[{"embeddable":true,"href":"https:\/\/www.stsebacademy.org\/es\/wp-json\/wp\/v2\/users\/5"}],"replies":[{"embeddable":true,"href":"https:\/\/www.stsebacademy.org\/es\/wp-json\/wp\/v2\/comments?post=830"}],"version-history":[{"count":3,"href":"https:\/\/www.stsebacademy.org\/es\/wp-json\/wp\/v2\/pages\/830\/revisions"}],"predecessor-version":[{"id":843,"href":"https:\/\/www.stsebacademy.org\/es\/wp-json\/wp\/v2\/pages\/830\/revisions\/843"}],"wp:attachment":[{"href":"https:\/\/www.stsebacademy.org\/es\/wp-json\/wp\/v2\/media?parent=830"}],"curies":[{"name":"wp","href":"https:\/\/api.w.org\/{rel}","templated":true}]}}