{"id":628,"date":"2024-03-19T15:28:12","date_gmt":"2024-03-19T20:28:12","guid":{"rendered":"https:\/\/www.stsebacademy.org\/?page_id=628"},"modified":"2024-08-13T13:35:42","modified_gmt":"2024-08-13T18:35:42","slug":"parent-support-engagement","status":"publish","type":"page","link":"https:\/\/www.stsebacademy.org\/es\/rincon-de-los-padres\/compromiso-de-apoyo-a-los-padres\/","title":{"rendered":"Apoyo y participaci\u00f3n de los padres"},"content":{"rendered":"<p><div class=\"fusion-fullwidth fullwidth-box fusion-builder-row-1 fusion-flex-container has-pattern-background has-mask-background nonhundred-percent-fullwidth non-hundred-percent-height-scrolling\" style=\"--awb-border-radius-top-left:0px;--awb-border-radius-top-right:0px;--awb-border-radius-bottom-right:0px;--awb-border-radius-bottom-left:0px;--awb-margin-bottom:45px;--awb-flex-wrap:wrap;\" ><div class=\"fusion-builder-row fusion-row fusion-flex-align-items-flex-start fusion-flex-content-wrap\" style=\"max-width:1456px;margin-left: calc(-4% \/ 2 );margin-right: calc(-4% \/ 2 );\"><div class=\"fusion-layout-column fusion_builder_column fusion-builder-column-0 fusion_builder_column_1_1 1_1 fusion-flex-column\" style=\"--awb-bg-size:cover;--awb-width-large:100%;--awb-margin-top-large:0px;--awb-spacing-right-large:1.92%;--awb-margin-bottom-large:20px;--awb-spacing-left-large:1.92%;--awb-width-medium:100%;--awb-order-medium:0;--awb-spacing-right-medium:1.92%;--awb-spacing-left-medium:1.92%;--awb-width-small:100%;--awb-order-small:0;--awb-spacing-right-small:1.92%;--awb-spacing-left-small:1.92%;\"><div class=\"fusion-column-wrapper fusion-column-has-shadow fusion-flex-justify-content-flex-start fusion-content-layout-column\"><div class=\"fusion-title title fusion-title-1 fusion-title-text fusion-title-size-three\" style=\"--awb-text-color:var(--awb-color7);--awb-font-size:3.5rem;\"><div class=\"title-sep-container title-sep-container-left fusion-no-large-visibility fusion-no-medium-visibility fusion-no-small-visibility\"><div class=\"title-sep sep-single sep-solid\" style=\"border-color:var(--awb-color2);\"><\/div><\/div><span class=\"awb-title-spacer fusion-no-large-visibility fusion-no-medium-visibility fusion-no-small-visibility\"><\/span><h3 class=\"fusion-title-heading title-heading-left\" style=\"font-family:&quot;Bebas Neue&quot;;font-style:normal;font-weight:400;margin:0;font-size:1em;text-transform:uppercase;\">Powerschool<\/h3><span class=\"awb-title-spacer\"><\/span><div class=\"title-sep-container title-sep-container-right\"><div class=\"title-sep sep-single sep-solid\" style=\"border-color:var(--awb-color2);\"><\/div><\/div><\/div><div class=\"fusion-text fusion-text-1\"><p>Accede a las calificaciones, la asistencia y mucho m\u00e1s en PowerSchool.<\/p>\n<\/div><div style=\"text-align:left;\"><a class=\"fusion-button button-flat fusion-button-default-size button-default fusion-button-default button-1 fusion-button-default-span fusion-button-default-type\" target=\"_blank\" rel=\"noopener noreferrer\" href=\"https:\/\/saintcats.powerschool.com\/\"><span class=\"fusion-button-text\">Powerschool<\/span><\/a><\/div><\/div><\/div><\/div><\/div><div class=\"fusion-fullwidth fullwidth-box fusion-builder-row-2 fusion-flex-container has-pattern-background has-mask-background nonhundred-percent-fullwidth non-hundred-percent-height-scrolling\" style=\"--awb-border-radius-top-left:0px;--awb-border-radius-top-right:0px;--awb-border-radius-bottom-right:0px;--awb-border-radius-bottom-left:0px;--awb-margin-bottom:45px;--awb-flex-wrap:wrap;\" ><div class=\"fusion-builder-row fusion-row fusion-flex-align-items-flex-start fusion-flex-content-wrap\" style=\"max-width:1456px;margin-left: calc(-4% \/ 2 );margin-right: calc(-4% \/ 2 );\"><div class=\"fusion-layout-column fusion_builder_column fusion-builder-column-1 fusion_builder_column_1_1 1_1 fusion-flex-column\" style=\"--awb-bg-size:cover;--awb-width-large:100%;--awb-margin-top-large:0px;--awb-spacing-right-large:1.92%;--awb-margin-bottom-large:20px;--awb-spacing-left-large:1.92%;--awb-width-medium:100%;--awb-order-medium:0;--awb-spacing-right-medium:1.92%;--awb-spacing-left-medium:1.92%;--awb-width-small:100%;--awb-order-small:0;--awb-spacing-right-small:1.92%;--awb-spacing-left-small:1.92%;\"><div class=\"fusion-column-wrapper fusion-column-has-shadow fusion-flex-justify-content-flex-start fusion-content-layout-column\"><div class=\"fusion-title title fusion-title-2 fusion-title-text fusion-title-size-three\" style=\"--awb-text-color:var(--awb-color7);--awb-font-size:3.5rem;\"><div class=\"title-sep-container title-sep-container-left fusion-no-large-visibility fusion-no-medium-visibility fusion-no-small-visibility\"><div class=\"title-sep sep-single sep-solid\" style=\"border-color:var(--awb-color2);\"><\/div><\/div><span class=\"awb-title-spacer fusion-no-large-visibility fusion-no-medium-visibility fusion-no-small-visibility\"><\/span><h3 class=\"fusion-title-heading title-heading-left\" style=\"font-family:&quot;Bebas Neue&quot;;font-style:normal;font-weight:400;margin:0;font-size:1em;text-transform:uppercase;\">Formularios<\/h3><span class=\"awb-title-spacer\"><\/span><div class=\"title-sep-container title-sep-container-right\"><div class=\"title-sep sep-single sep-solid\" style=\"border-color:var(--awb-color2);\"><\/div><\/div><\/div><div class=\"fusion-text fusion-text-2\"><p>Encuentra todos los formularios necesarios para las actividades y permisos escolares.<\/p>\n<\/div><div style=\"text-align:left;\"><a class=\"fusion-button button-flat fusion-button-default-size button-default fusion-button-default button-2 fusion-button-default-span fusion-button-default-type\" target=\"_self\"><span class=\"fusion-button-text\">Formularios<\/span><\/a><\/div><\/div><\/div><\/div><\/div><div class=\"fusion-fullwidth fullwidth-box fusion-builder-row-3 fusion-flex-container has-pattern-background has-mask-background nonhundred-percent-fullwidth non-hundred-percent-height-scrolling\" style=\"--awb-border-radius-top-left:0px;--awb-border-radius-top-right:0px;--awb-border-radius-bottom-right:0px;--awb-border-radius-bottom-left:0px;--awb-margin-bottom:45px;--awb-flex-wrap:wrap;\" ><div class=\"fusion-builder-row fusion-row fusion-flex-align-items-flex-start fusion-flex-content-wrap\" style=\"max-width:1456px;margin-left: calc(-4% \/ 2 );margin-right: calc(-4% \/ 2 );\"><div class=\"fusion-layout-column fusion_builder_column fusion-builder-column-2 fusion_builder_column_1_1 1_1 fusion-flex-column\" style=\"--awb-bg-size:cover;--awb-width-large:100%;--awb-margin-top-large:0px;--awb-spacing-right-large:1.92%;--awb-margin-bottom-large:20px;--awb-spacing-left-large:1.92%;--awb-width-medium:100%;--awb-order-medium:0;--awb-spacing-right-medium:1.92%;--awb-spacing-left-medium:1.92%;--awb-width-small:100%;--awb-order-small:0;--awb-spacing-right-small:1.92%;--awb-spacing-left-small:1.92%;\"><div class=\"fusion-column-wrapper fusion-column-has-shadow fusion-flex-justify-content-flex-start fusion-content-layout-column\"><div class=\"fusion-title title fusion-title-3 fusion-title-text fusion-title-size-three\" style=\"--awb-text-color:var(--awb-color7);--awb-font-size:3.5rem;\"><div class=\"title-sep-container title-sep-container-left fusion-no-large-visibility fusion-no-medium-visibility fusion-no-small-visibility\"><div class=\"title-sep sep-single sep-solid\" style=\"border-color:var(--awb-color2);\"><\/div><\/div><span class=\"awb-title-spacer fusion-no-large-visibility fusion-no-medium-visibility fusion-no-small-visibility\"><\/span><h3 class=\"fusion-title-heading title-heading-left\" style=\"font-family:&quot;Bebas Neue&quot;;font-style:normal;font-weight:400;margin:0;font-size:1em;text-transform:uppercase;\">Hogar y escuela<\/h3><span class=\"awb-title-spacer\"><\/span><div class=\"title-sep-container title-sep-container-right\"><div class=\"title-sep sep-single sep-solid\" style=\"border-color:var(--awb-color2);\"><\/div><\/div><\/div><div class=\"fusion-text fusion-text-3\"><p>Con\u00e9ctate con nuestra Asociaci\u00f3n Hogar y Escuela para oportunidades de participaci\u00f3n.<\/p>\n<\/div><div style=\"text-align:left;\"><a class=\"fusion-button button-flat fusion-button-default-size button-default fusion-button-default button-3 fusion-button-default-span fusion-button-default-type\" target=\"_self\" href=\"https:\/\/docs.google.com\/forms\/d\/e\/1FAIpQLScDatNxte2xorzzvbfyqse0F4-zxF9uCvyX-CkVmq6axx7hBw\/viewform\"><span class=\"fusion-button-text\">Encuesta sobre el hogar y la escuela<\/span><\/a><\/div><\/div><\/div><\/div><\/div><\/p>","protected":false},"excerpt":{"rendered":"","protected":false},"author":1,"featured_media":0,"parent":606,"menu_order":0,"comment_status":"closed","ping_status":"closed","template":"100-width.php","meta":{"footnotes":""},"yoast_head":"<!-- This site is optimized with the Yoast SEO plugin v21.8 - https:\/\/yoast.com\/wordpress\/plugins\/seo\/ -->\n<title>Parent Support &amp; Engagement | St. Sebastian STEM Academy<\/title>\n<meta name=\"robots\" content=\"index, follow, max-snippet:-1, max-image-preview:large, max-video-preview:-1\" \/>\n<link rel=\"canonical\" href=\"https:\/\/www.stsebacademy.org\/es\/rincon-de-los-padres\/compromiso-de-apoyo-a-los-padres\/\" \/>\n<meta property=\"og:locale\" content=\"es_MX\" \/>\n<meta property=\"og:type\" content=\"article\" \/>\n<meta property=\"og:title\" content=\"Parent Support &amp; Engagement | St. Sebastian STEM Academy\" \/>\n<meta property=\"og:url\" content=\"https:\/\/www.stsebacademy.org\/es\/rincon-de-los-padres\/compromiso-de-apoyo-a-los-padres\/\" \/>\n<meta property=\"og:site_name\" content=\"St. Sebastian STEM Academy\" \/>\n<meta property=\"article:publisher\" content=\"https:\/\/www.facebook.com\/stsebastiansturtevant\" \/>\n<meta property=\"article:modified_time\" content=\"2024-08-13T18:35:42+00:00\" \/>\n<meta property=\"og:image\" content=\"https:\/\/www.stsebacademy.org\/wp-content\/uploads\/2024\/01\/StSebs_Logo1920x1080.png\" \/>\n\t<meta property=\"og:image:width\" content=\"1920\" \/>\n\t<meta property=\"og:image:height\" content=\"1080\" \/>\n\t<meta property=\"og:image:type\" content=\"image\/png\" \/>\n<meta name=\"twitter:card\" content=\"summary_large_image\" \/>\n<meta name=\"twitter:label1\" content=\"Est. reading time\" \/>\n\t<meta name=\"twitter:data1\" content=\"1 minuto\" \/>\n<script type=\"application\/ld+json\" class=\"yoast-schema-graph\">{\"@context\":\"https:\/\/schema.org\",\"@graph\":[{\"@type\":\"WebPage\",\"@id\":\"https:\/\/www.stsebacademy.org\/parents-corner\/parent-support-engagement\/\",\"url\":\"https:\/\/www.stsebacademy.org\/parents-corner\/parent-support-engagement\/\",\"name\":\"Parent Support & Engagement | St. Sebastian STEM Academy\",\"isPartOf\":{\"@id\":\"https:\/\/www.stsebacademy.org\/#website\"},\"datePublished\":\"2024-03-19T20:28:12+00:00\",\"dateModified\":\"2024-08-13T18:35:42+00:00\",\"breadcrumb\":{\"@id\":\"https:\/\/www.stsebacademy.org\/parents-corner\/parent-support-engagement\/#breadcrumb\"},\"inLanguage\":\"es-MX\",\"potentialAction\":[{\"@type\":\"ReadAction\",\"target\":[\"https:\/\/www.stsebacademy.org\/parents-corner\/parent-support-engagement\/\"]}]},{\"@type\":\"BreadcrumbList\",\"@id\":\"https:\/\/www.stsebacademy.org\/parents-corner\/parent-support-engagement\/#breadcrumb\",\"itemListElement\":[{\"@type\":\"ListItem\",\"position\":1,\"name\":\"Home\",\"item\":\"https:\/\/www.stsebacademy.org\/\"},{\"@type\":\"ListItem\",\"position\":2,\"name\":\"Parent\u2019s Corner\",\"item\":\"https:\/\/www.stsebacademy.org\/parents-corner\/\"},{\"@type\":\"ListItem\",\"position\":3,\"name\":\"Parent Support &#038; Engagement\"}]},{\"@type\":\"WebSite\",\"@id\":\"https:\/\/www.stsebacademy.org\/#website\",\"url\":\"https:\/\/www.stsebacademy.org\/\",\"name\":\"St. Sebastian STEM Academy\",\"description\":\"Ignite Your Child\u2019s Future at St. Sebastian STEM Academy\",\"publisher\":{\"@id\":\"https:\/\/www.stsebacademy.org\/#organization\"},\"potentialAction\":[{\"@type\":\"SearchAction\",\"target\":{\"@type\":\"EntryPoint\",\"urlTemplate\":\"https:\/\/www.stsebacademy.org\/?s={search_term_string}\"},\"query-input\":\"required name=search_term_string\"}],\"inLanguage\":\"es-MX\"},{\"@type\":\"Organization\",\"@id\":\"https:\/\/www.stsebacademy.org\/#organization\",\"name\":\"St. Sebastian STEM Academy\",\"url\":\"https:\/\/www.stsebacademy.org\/\",\"logo\":{\"@type\":\"ImageObject\",\"inLanguage\":\"es-MX\",\"@id\":\"https:\/\/www.stsebacademy.org\/#\/schema\/logo\/image\/\",\"url\":\"https:\/\/www.stsebacademy.org\/wp-content\/uploads\/2024\/01\/St-Seb-Academy-Logo-HORZ.png\",\"contentUrl\":\"https:\/\/www.stsebacademy.org\/wp-content\/uploads\/2024\/01\/St-Seb-Academy-Logo-HORZ.png\",\"width\":2490,\"height\":935,\"caption\":\"St. Sebastian STEM Academy\"},\"image\":{\"@id\":\"https:\/\/www.stsebacademy.org\/#\/schema\/logo\/image\/\"},\"sameAs\":[\"https:\/\/www.facebook.com\/stsebastiansturtevant\"]}]}<\/script>\n<!-- \/ Yoast SEO plugin. -->","yoast_head_json":{"title":"Parent Support & Engagement | St. Sebastian STEM Academy","robots":{"index":"index","follow":"follow","max-snippet":"max-snippet:-1","max-image-preview":"max-image-preview:large","max-video-preview":"max-video-preview:-1"},"canonical":"https:\/\/www.stsebacademy.org\/es\/rincon-de-los-padres\/compromiso-de-apoyo-a-los-padres\/","og_locale":"es_MX","og_type":"article","og_title":"Parent Support & Engagement | St. Sebastian STEM Academy","og_url":"https:\/\/www.stsebacademy.org\/es\/rincon-de-los-padres\/compromiso-de-apoyo-a-los-padres\/","og_site_name":"St. Sebastian STEM Academy","article_publisher":"https:\/\/www.facebook.com\/stsebastiansturtevant","article_modified_time":"2024-08-13T18:35:42+00:00","og_image":[{"width":1920,"height":1080,"url":"https:\/\/www.stsebacademy.org\/wp-content\/uploads\/2024\/01\/StSebs_Logo1920x1080.png","type":"image\/png"}],"twitter_card":"summary_large_image","twitter_misc":{"Est. reading time":"1 minuto"},"schema":{"@context":"https:\/\/schema.org","@graph":[{"@type":"WebPage","@id":"https:\/\/www.stsebacademy.org\/parents-corner\/parent-support-engagement\/","url":"https:\/\/www.stsebacademy.org\/parents-corner\/parent-support-engagement\/","name":"Parent Support & Engagement | St. Sebastian STEM Academy","isPartOf":{"@id":"https:\/\/www.stsebacademy.org\/#website"},"datePublished":"2024-03-19T20:28:12+00:00","dateModified":"2024-08-13T18:35:42+00:00","breadcrumb":{"@id":"https:\/\/www.stsebacademy.org\/parents-corner\/parent-support-engagement\/#breadcrumb"},"inLanguage":"es-MX","potentialAction":[{"@type":"ReadAction","target":["https:\/\/www.stsebacademy.org\/parents-corner\/parent-support-engagement\/"]}]},{"@type":"BreadcrumbList","@id":"https:\/\/www.stsebacademy.org\/parents-corner\/parent-support-engagement\/#breadcrumb","itemListElement":[{"@type":"ListItem","position":1,"name":"Home","item":"https:\/\/www.stsebacademy.org\/"},{"@type":"ListItem","position":2,"name":"Parent\u2019s Corner","item":"https:\/\/www.stsebacademy.org\/parents-corner\/"},{"@type":"ListItem","position":3,"name":"Parent Support &#038; Engagement"}]},{"@type":"WebSite","@id":"https:\/\/www.stsebacademy.org\/#website","url":"https:\/\/www.stsebacademy.org\/","name":"St. Sebastian STEM Academy","description":"Ignite Your Child\u2019s Future at St. Sebastian STEM Academy","publisher":{"@id":"https:\/\/www.stsebacademy.org\/#organization"},"potentialAction":[{"@type":"SearchAction","target":{"@type":"EntryPoint","urlTemplate":"https:\/\/www.stsebacademy.org\/?s={search_term_string}"},"query-input":"required name=search_term_string"}],"inLanguage":"es-MX"},{"@type":"Organization","@id":"https:\/\/www.stsebacademy.org\/#organization","name":"St. Sebastian STEM Academy","url":"https:\/\/www.stsebacademy.org\/","logo":{"@type":"ImageObject","inLanguage":"es-MX","@id":"https:\/\/www.stsebacademy.org\/#\/schema\/logo\/image\/","url":"https:\/\/www.stsebacademy.org\/wp-content\/uploads\/2024\/01\/St-Seb-Academy-Logo-HORZ.png","contentUrl":"https:\/\/www.stsebacademy.org\/wp-content\/uploads\/2024\/01\/St-Seb-Academy-Logo-HORZ.png","width":2490,"height":935,"caption":"St. Sebastian STEM Academy"},"image":{"@id":"https:\/\/www.stsebacademy.org\/#\/schema\/logo\/image\/"},"sameAs":["https:\/\/www.facebook.com\/stsebastiansturtevant"]}]}},"_links":{"self":[{"href":"https:\/\/www.stsebacademy.org\/es\/wp-json\/wp\/v2\/pages\/628"}],"collection":[{"href":"https:\/\/www.stsebacademy.org\/es\/wp-json\/wp\/v2\/pages"}],"about":[{"href":"https:\/\/www.stsebacademy.org\/es\/wp-json\/wp\/v2\/types\/page"}],"author":[{"embeddable":true,"href":"https:\/\/www.stsebacademy.org\/es\/wp-json\/wp\/v2\/users\/1"}],"replies":[{"embeddable":true,"href":"https:\/\/www.stsebacademy.org\/es\/wp-json\/wp\/v2\/comments?post=628"}],"version-history":[{"count":6,"href":"https:\/\/www.stsebacademy.org\/es\/wp-json\/wp\/v2\/pages\/628\/revisions"}],"predecessor-version":[{"id":772,"href":"https:\/\/www.stsebacademy.org\/es\/wp-json\/wp\/v2\/pages\/628\/revisions\/772"}],"up":[{"embeddable":true,"href":"https:\/\/www.stsebacademy.org\/es\/wp-json\/wp\/v2\/pages\/606"}],"wp:attachment":[{"href":"https:\/\/www.stsebacademy.org\/es\/wp-json\/wp\/v2\/media?parent=628"}],"curies":[{"name":"wp","href":"https:\/\/api.w.org\/{rel}","templated":true}]}}